{"id":16659,"date":"2024-06-25T21:39:51","date_gmt":"2024-06-25T19:39:51","guid":{"rendered":"https:\/\/lesclefsdambleteuse.fr\/?page_id=16659"},"modified":"2024-08-07T11:39:36","modified_gmt":"2024-08-07T09:39:36","slug":"tarifs-pour-les-voyageurs","status":"publish","type":"page","link":"https:\/\/lesclefsdambleteuse.fr\/?page_id=16659","title":{"rendered":"Tarifs pour les voyageurs"},"content":{"rendered":"\t\t<div data-elementor-type=\"wp-page\" data-elementor-id=\"16659\" class=\"elementor elementor-16659\">\n\t\t\t\t<div class=\"elementor-element elementor-element-87f946c e-flex e-con-boxed e-con e-parent\" data-id=\"87f946c\" data-element_type=\"container\">\n\t\t\t\t\t<div class=\"e-con-inner\">\n\t\t\t\t<div class=\"elementor-element elementor-element-575569b elementor-widget elementor-widget-heading\" data-id=\"575569b\" data-element_type=\"widget\" data-widget_type=\"heading.default\">\n\t\t\t\t<div class=\"elementor-widget-container\">\n\t\t\t<style>\/*! elementor - v3.21.0 - 22-05-2024 *\/\n.elementor-heading-title{padding:0;margin:0;line-height:1}.elementor-widget-heading .elementor-heading-title[class*=elementor-size-]>a{color:inherit;font-size:inherit;line-height:inherit}.elementor-widget-heading .elementor-heading-title.elementor-size-small{font-size:15px}.elementor-widget-heading .elementor-heading-title.elementor-size-medium{font-size:19px}.elementor-widget-heading .elementor-heading-title.elementor-size-large{font-size:29px}.elementor-widget-heading .elementor-heading-title.elementor-size-xl{font-size:39px}.elementor-widget-heading .elementor-heading-title.elementor-size-xxl{font-size:59px}<\/style><h1 class=\"elementor-heading-title elementor-size-default\">Tarifs des prestations pour les voyageurs<\/h1>\t\t<\/div>\n\t\t\t\t<\/div>\n\t\t\t\t<div class=\"elementor-element elementor-element-568affe elementor-widget elementor-widget-text-editor\" data-id=\"568affe\" data-element_type=\"widget\" data-widget_type=\"text-editor.default\">\n\t\t\t\t<div class=\"elementor-widget-container\">\n\t\t\t<style>\/*! elementor - v3.21.0 - 22-05-2024 *\/\n.elementor-widget-text-editor.elementor-drop-cap-view-stacked .elementor-drop-cap{background-color:#69727d;color:#fff}.elementor-widget-text-editor.elementor-drop-cap-view-framed .elementor-drop-cap{color:#69727d;border:3px solid;background-color:transparent}.elementor-widget-text-editor:not(.elementor-drop-cap-view-default) .elementor-drop-cap{margin-top:8px}.elementor-widget-text-editor:not(.elementor-drop-cap-view-default) .elementor-drop-cap-letter{width:1em;height:1em}.elementor-widget-text-editor .elementor-drop-cap{float:left;text-align:center;line-height:1;font-size:50px}.elementor-widget-text-editor .elementor-drop-cap-letter{display:inline-block}<\/style>\t\t\t\t<p>Retrouvez ci dessous les tarifs de mes diff\u00e9rentes prestations.<\/p>\t\t\t\t\t\t<\/div>\n\t\t\t\t<\/div>\n\t\t\t\t<div class=\"elementor-element elementor-element-7a9cf61 poket-star-rating--align-center elementor-widget elementor-widget-witr_section_title\" data-id=\"7a9cf61\" data-element_type=\"widget\" data-widget_type=\"witr_section_title.default\">\n\t\t\t\t<div class=\"elementor-widget-container\">\n\t\t\t\t\t\t\t\t<!-- title center -->\n\t\t\t\t\t<div class=\"witr_section_title\">\n\t\t\t\t\t\t<div class=\"witr_section_title_inner text-center\">\n\n\t\t\t\t\t\t\t<!-- icon position -->\n\t\t\t\t\t\t\t\t\n\t\t\t\t\t\t\t<!-- end icon position -->\n\t\t\t\t\t\t\t\n\t\t\t\t\t\t\n\t\t\t\t\t\t\t<!-- title top -->\n\t\t\t\t\t\t\t\n\n\t\t\t\t\t\t\t<!-- icon position -->\n\t\t\t\t\t\t\t\t\n\t\t\t\t\t\t\t<!-- end icon position -->\n\n\n\t\t\t\t\t\t\t\n\t\t\t\t\t\t\t<!-- title middle -->\n\t\t\t\t\t\t\t\t\t\t\t\t\t\t<!-- title bottom -->\n\t\t\t\t\t\t\t\n\t\t\t\t\t\t\t\n\t\t\t\t\t\t\t\n\t\t\t\t\t\t\t\t\t\t\t\t\t\t\n\t\t\t\t\t\t\t<!-- image -->\n\t\t\t\t\t\t\t\t\t\t\t\t\t\t<!-- icon -->\n\t\t\t\t\t\t\t\t\t\t\t\t\t\t\n\t\t\t\t\t\t\t<!-- bar -->\n\t\t\t\t\t\t\t\t\t\t\t\t\t\t<!-- circle bar -->\n\t\t\t\t\t\t\t\t\t\t\t\t\t\t\n\t\t\t\t\t\t\t\t\n\t\t\t\t\t\t\t\n\n\t\t\t\t\t\t\t\n\t\t\t\t\t\t\t<!-- content -->\n\t\t\t\t\t\t\t\t\t\t\t\t\t\t\n\t\t\t\t\t\t<\/div>\n\t\t\t\t\t\t\t<!-- inner title -->\n\t\t\t\t\t\t\t\t\t\t\t\t\t\n\t\t\t\t\t<\/div>\n\n\t\t\t\t\t\t<\/div>\n\t\t\t\t<\/div>\n\t\t\t\t\t<\/div>\n\t\t\t\t<\/div>\n\t\t<div class=\"elementor-element elementor-element-5431f57 e-flex e-con-boxed e-con e-parent\" data-id=\"5431f57\" data-element_type=\"container\">\n\t\t\t\t\t<div class=\"e-con-inner\">\n\t\t\t\t<div class=\"elementor-element elementor-element-00a8887 poket-star-rating--align-center poket-star-rating--align-center elementor-widget elementor-widget-witr_section_pricing\" data-id=\"00a8887\" data-element_type=\"widget\" data-widget_type=\"witr_section_pricing.default\">\n\t\t\t\t<div class=\"elementor-widget-container\">\n\t\t\t\t\t\t\t<div class=\"pricing_area all_pricing_color  \">\n                    <div class=\"pricing-part pricing_style_7 \">\n\t\n\t\t\t\t\t\t\t<!-- icon -->\n\t\t\t\t\t\t\t<div class=\"witr_pricing_icon\">\n\t\t\t\t\t\t\t\t\t\t\t\t\t\t\t\t\t<i class=\"fas fa-bed\"><\/i>\n\t\t\t\t\t\t\t\t\t\t\t\t\t\t\t<\/div>\t\t\t\t\n\t\t\t\t\t\t\t<!-- image -->\n\t\t\t\t\t\t\t\t\t\t\t\t\t\t\n\t\t\t\t\t\t\t<!-- ribon -->\t\n\t\t\t\t\t\t\t\t\t\t\t\t\t\t\n\t\t\t\t\t\t\t<!--  price content -->\n\t\t\t\t\t\t\t\t\t\t\t\t\t\t<!-- offer price -->\n\t\t\t\t\t\t\t\t\t\t\t\t\t\t<!-- price\/currency\/month -->\n\t\t\t\t\t\t\t\t\t\t\t\t\t\t\t<h5><span><\/span>KIT DE LINGE <span> (comprend le linge de bain et de lit)<\/span><\/h5>\n\t\t\t\t\t\t\t\t\t\t\t\t\t\t<!-- yearly -->\n\t\t\t\t\t\t\t\t\t\t\t\t\t\t\n\t\t\t\t\t\t\t<!-- title -->\n\t\t\t\t\t\t\t\t\t\t\t\t\t\t\t<div class=\"pricing_bar_title\">\n\t\t\t\t\t\t\t\t\t<h4>10 \u20ac \/ voyageur  <\/h4>\n\t\t\t\t\t\t\t\t<\/div>\n\t\t\t\t\t\t\t\t\t\t\t\t\t\t\n\n\t\t\t\t\t\t\t\t\t\t\t\t\t\t\t<!-- list -->\n\t\t\t\t\t\t\t\t<div class=\"witri_texti_list\">\n\t\t\t\t\t\t\t\t\t<ul>\n\t\t\t\t\t\t\t\t\t\t\t\t\t\t\t\t\t\t\t\t\t\t\t\t\t\t\t\t\t\t<li class=\" themex-item-3168d9a\" >\n\t\t\t\t\t\t\t\t\t\t\t\t<i class=\"fas fa-angle-double-right\"><\/i>Linge de qualit\u00e9 sup\u00e9rieure \t\t\t\t\t\t\t\t\t\t\t<\/li>\n\t\t\t\t\t\t\t\t\t\t\t\t\t\t\t\t\t\t\t\t\t<li class=\" themex-item-175f99a\" >\n\t\t\t\t\t\t\t\t\t\t\t\t<i class=\"fas fa-angle-double-right\"><\/i>Non obligatoire\t\t\t\t\t\t\t\t\t\t\t<\/li>\n\t\t\t\t\t\t\t\t\t\t\t\t\t\t\t\t\t\t\t\t\t<li class=\" themex-item-4eeabab\" >\n\t\t\t\t\t\t\t\t\t\t\t\t<i class=\"fas fa-angle-double-right\"><\/i>Linge de bain\t\t\t\t\t\t\t\t\t\t\t<\/li>\n\t\t\t\t\t\t\t\t\t\t\t\t\t\t\t\t\t\t\t\t\t<li class=\" themex-item-a44dae4\" >\n\t\t\t\t\t\t\t\t\t\t\t\t<i class=\"fas fa-angle-double-right\"><\/i>Linge de lits\t\t\t\t\t\t\t\t\t\t\t<\/li>\n\t\t\t\t\t\t\t\t\t\t\t\n\t\t\t\t\t\t\t\t\t<\/ul>\t\n\t\t\t\t\t\t\t\t<\/div>\n\t\t\t\t\t\t\t\t\t\t\t\t\t\t\n\t\t\t\t\t\t<!-- button -->\n\t\t\t\t\t\t\t\t\t\t\t\t<div class=\"witr_btnp_color\">\n\t\t\t\t\t\t\t<a  class=\"btn\" href=\"https:\/\/lesclefsdambleteuse.fr\/?page_id=415\">Demandez votre devis<\/a>\n\t\t\t\t\t\t<\/div>\t\t\t\n\t\t\t\t\t\t\t\t\t\t\t\t<!-- call -->\n\t\t\t\t\t\t\t\t\t\t\t\t\n                    <\/div> <!-- pricing part -->\n                <\/div>\n\t\t\t\t\t<\/div>\n\t\t\t\t<\/div>\n\t\t\t\t\t<\/div>\n\t\t\t\t<\/div>\n\t\t<div class=\"elementor-element elementor-element-47f1a2c e-flex e-con-boxed e-con e-parent\" data-id=\"47f1a2c\" data-element_type=\"container\">\n\t\t\t\t\t<div class=\"e-con-inner\">\n\t\t\t\t<div class=\"elementor-element elementor-element-e0d7514 poket-star-rating--align-center poket-star-rating--align-center elementor-widget elementor-widget-witr_section_pricing\" data-id=\"e0d7514\" data-element_type=\"widget\" data-widget_type=\"witr_section_pricing.default\">\n\t\t\t\t<div class=\"elementor-widget-container\">\n\t\t\t\t\t\t\t<div class=\"pricing_area all_pricing_color  \">\n                    <div class=\"pricing-part pricing_style_7 \">\n\t\n\t\t\t\t\t\t\t<!-- icon -->\n\t\t\t\t\t\t\t<div class=\"witr_pricing_icon\">\n\t\t\t\t\t\t\t\t\t\t\t\t\t\t\t\t\t<i class=\"icofont icofont-croissant\"><\/i>\n\t\t\t\t\t\t\t\t\t\t\t\t\t\t\t<\/div>\t\t\t\t\n\t\t\t\t\t\t\t<!-- image -->\n\t\t\t\t\t\t\t\t\t\t\t\t\t\t\n\t\t\t\t\t\t\t<!-- ribon -->\t\n\t\t\t\t\t\t\t\t\t\t\t\t\t\t\n\t\t\t\t\t\t\t<!--  price content -->\n\t\t\t\t\t\t\t\t\t\t\t\t\t\t<!-- offer price -->\n\t\t\t\t\t\t\t\t\t\t\t\t\t\t<!-- price\/currency\/month -->\n\t\t\t\t\t\t\t\t\t\t\t\t\t\t\t<h5><span><\/span>Petit d\u00e9jeuner  <span> <\/span><\/h5>\n\t\t\t\t\t\t\t\t\t\t\t\t\t\t<!-- yearly -->\n\t\t\t\t\t\t\t\t\t\t\t\t\t\t\n\t\t\t\t\t\t\t<!-- title -->\n\t\t\t\t\t\t\t\t\t\t\t\t\t\t\t<div class=\"pricing_bar_title\">\n\t\t\t\t\t\t\t\t\t<h4>10 \u20ac \/ VOYAGEUR <\/h4>\n\t\t\t\t\t\t\t\t<\/div>\n\t\t\t\t\t\t\t\t\t\t\t\t\t\t\n\n\t\t\t\t\t\t\t\t\t\t\t\t\t\t\t<!-- list -->\n\t\t\t\t\t\t\t\t<div class=\"witri_texti_list\">\n\t\t\t\t\t\t\t\t\t<ul>\n\t\t\t\t\t\t\t\t\t\t\t\t\t\t\t\t\t\t\t\t\t\t\t\t\t\t\t\t\t\t<li class=\" themex-item-a44dae4\" >\n\t\t\t\t\t\t\t\t\t\t\t\t<i class=\"fas fa-angle-double-right\"><\/i>Livr\u00e9 \u00e0 la porte\t\t\t\t\t\t\t\t\t\t\t<\/li>\n\t\t\t\t\t\t\t\t\t\t\t\t\t\t\t\t\t\t\t\t\t<li class=\" themex-item-175f99a\" >\n\t\t\t\t\t\t\t\t\t\t\t\t<i class=\"fas fa-angle-double-right\"><\/i>Boissons chaudes et jus d'orange\t\t\t\t\t\t\t\t\t\t\t<\/li>\n\t\t\t\t\t\t\t\t\t\t\t\t\t\t\t\t\t\t\t\t\t<li class=\" themex-item-4eeabab\" >\n\t\t\t\t\t\t\t\t\t\t\t\t<i class=\"fas fa-angle-double-right\"><\/i>Confitures, p\u00e2te \u00e0 tartiner et beurre\t\t\t\t\t\t\t\t\t\t\t<\/li>\n\t\t\t\t\t\t\t\t\t\t\t\t\t\t\t\t\t\t\t\t\t<li class=\" themex-item-3168d9a\" >\n\t\t\t\t\t\t\t\t\t\t\t\t<i class=\"fas fa-angle-double-right\"><\/i>Pains et viennoiseries de la boulangerie\t\t\t\t\t\t\t\t\t\t\t<\/li>\n\t\t\t\t\t\t\t\t\t\t\t\n\t\t\t\t\t\t\t\t\t<\/ul>\t\n\t\t\t\t\t\t\t\t<\/div>\n\t\t\t\t\t\t\t\t\t\t\t\t\t\t\n\t\t\t\t\t\t<!-- button -->\n\t\t\t\t\t\t\t\t\t\t\t\t<div class=\"witr_btnp_color\">\n\t\t\t\t\t\t\t<a  class=\"btn\" href=\"https:\/\/lesclefsdambleteuse.fr\/?page_id=415\">Demandez votre devis<\/a>\n\t\t\t\t\t\t<\/div>\t\t\t\n\t\t\t\t\t\t\t\t\t\t\t\t<!-- call -->\n\t\t\t\t\t\t\t\t\t\t\t\t\n                    <\/div> <!-- pricing part -->\n                <\/div>\n\t\t\t\t\t<\/div>\n\t\t\t\t<\/div>\n\t\t\t\t\t<\/div>\n\t\t\t\t<\/div>\n\t\t<div class=\"elementor-element elementor-element-7006b49 e-flex e-con-boxed e-con e-parent\" data-id=\"7006b49\" data-element_type=\"container\">\n\t\t\t\t\t<div class=\"e-con-inner\">\n\t\t\t\t<div class=\"elementor-element elementor-element-3f40ccf elementor-align-center elementor-widget elementor-widget-button\" data-id=\"3f40ccf\" data-element_type=\"widget\" data-widget_type=\"button.default\">\n\t\t\t\t<div class=\"elementor-widget-container\">\n\t\t\t\t\t<div class=\"elementor-button-wrapper\">\n\t\t\t<a class=\"elementor-button elementor-button-link elementor-size-sm\" href=\"https:\/\/lesclefsdambleteuse.fr\/?page_id=16146\">\n\t\t\t\t\t\t<span class=\"elementor-button-content-wrapper\">\n\t\t\t\t\t\t\t\t\t<span class=\"elementor-button-text\">+ d'infos sur ce service<\/span>\n\t\t\t\t\t<\/span>\n\t\t\t\t\t<\/a>\n\t\t<\/div>\n\t\t\t\t<\/div>\n\t\t\t\t<\/div>\n\t\t\t\t\t<\/div>\n\t\t\t\t<\/div>\n\t\t<div class=\"elementor-element elementor-element-c1d4fe7 e-flex e-con-boxed e-con e-parent\" data-id=\"c1d4fe7\" data-element_type=\"container\">\n\t\t\t\t\t<div class=\"e-con-inner\">\n\t\t\t\t<div class=\"elementor-element elementor-element-c0a2f2f poket-star-rating--align-center poket-star-rating--align-center elementor-widget elementor-widget-witr_section_pricing\" data-id=\"c0a2f2f\" data-element_type=\"widget\" data-widget_type=\"witr_section_pricing.default\">\n\t\t\t\t<div class=\"elementor-widget-container\">\n\t\t\t\t\t\t\t<div class=\"pricing_area all_pricing_color  \">\n                    <div class=\"pricing-part pricing_style_7 \">\n\t\n\t\t\t\t\t\t\t<!-- icon -->\n\t\t\t\t\t\t\t<div class=\"witr_pricing_icon\">\n\t\t\t\t\t\t\t\t\t\t\t\t\t\t\t\t\t<i class=\"fas fa-concierge-bell\"><\/i>\n\t\t\t\t\t\t\t\t\t\t\t\t\t\t\t<\/div>\t\t\t\t\n\t\t\t\t\t\t\t<!-- image -->\n\t\t\t\t\t\t\t\t\t\t\t\t\t\t\n\t\t\t\t\t\t\t<!-- ribon -->\t\n\t\t\t\t\t\t\t\t\t\t\t\t\t\t\n\t\t\t\t\t\t\t<!--  price content -->\n\t\t\t\t\t\t\t\t\t\t\t\t\t\t<!-- offer price -->\n\t\t\t\t\t\t\t\t\t\t\t\t\t\t<!-- price\/currency\/month -->\n\t\t\t\t\t\t\t\t\t\t\t\t\t\t\t<h5><span><\/span>Demandes personnalis\u00e9es <span> <\/span><\/h5>\n\t\t\t\t\t\t\t\t\t\t\t\t\t\t<!-- yearly -->\n\t\t\t\t\t\t\t\t\t\t\t\t\t\t\n\t\t\t\t\t\t\t<!-- title -->\n\t\t\t\t\t\t\t\t\t\t\t\t\t\t\t<div class=\"pricing_bar_title\">\n\t\t\t\t\t\t\t\t\t<h4>Sur demande <\/h4>\n\t\t\t\t\t\t\t\t<\/div>\n\t\t\t\t\t\t\t\t\t\t\t\t\t\t\n\n\t\t\t\t\t\t\t\t\t\t\t\t\t\t\t<!-- list -->\n\t\t\t\t\t\t\t\t<div class=\"witri_texti_list\">\n\t\t\t\t\t\t\t\t\t<ul>\n\t\t\t\t\t\t\t\t\t\t\t\t\t\t\t\t\t\t\t\t\t\t\t\t\t\t\t\t\t\t<li class=\" themex-item-175f99a\" >\n\t\t\t\t\t\t\t\t\t\t\t\t<i class=\"fas fa-angle-double-right\"><\/i>Paniers produits du terroir\t\t\t\t\t\t\t\t\t\t\t<\/li>\n\t\t\t\t\t\t\t\t\t\t\t\t\t\t\t\t\t\t\t\t\t<li class=\" themex-item-4eeabab\" >\n\t\t\t\t\t\t\t\t\t\t\t\t<i class=\"fas fa-angle-double-right\"><\/i>Cadeaux pour occasion particuli\u00e8re\t\t\t\t\t\t\t\t\t\t\t<\/li>\n\t\t\t\t\t\t\t\t\t\t\t\n\t\t\t\t\t\t\t\t\t<\/ul>\t\n\t\t\t\t\t\t\t\t<\/div>\n\t\t\t\t\t\t\t\t\t\t\t\t\t\t\n\t\t\t\t\t\t<!-- button -->\n\t\t\t\t\t\t\t\t\t\t\t\t<div class=\"witr_btnp_color\">\n\t\t\t\t\t\t\t<a  class=\"btn\" href=\"https:\/\/lesclefsdambleteuse.fr\/?page_id=415\">Demandez votre devis<\/a>\n\t\t\t\t\t\t<\/div>\t\t\t\n\t\t\t\t\t\t\t\t\t\t\t\t<!-- call -->\n\t\t\t\t\t\t\t\t\t\t\t\t\n                    <\/div> <!-- pricing part -->\n                <\/div>\n\t\t\t\t\t<\/div>\n\t\t\t\t<\/div>\n\t\t\t\t\t<\/div>\n\t\t\t\t<\/div>\n\t\t<div class=\"elementor-element elementor-element-4ce3caa e-flex e-con-boxed e-con e-parent\" data-id=\"4ce3caa\" data-element_type=\"container\">\n\t\t\t\t\t<div class=\"e-con-inner\">\n\t\t\t\t<div class=\"elementor-element elementor-element-c7ec0aa elementor-align-center elementor-widget elementor-widget-button\" data-id=\"c7ec0aa\" data-element_type=\"widget\" data-widget_type=\"button.default\">\n\t\t\t\t<div class=\"elementor-widget-container\">\n\t\t\t\t\t<div class=\"elementor-button-wrapper\">\n\t\t\t<a class=\"elementor-button elementor-button-link elementor-size-sm\" href=\"https:\/\/lesclefsdambleteuse.fr\/?page_id=16146\">\n\t\t\t\t\t\t<span class=\"elementor-button-content-wrapper\">\n\t\t\t\t\t\t\t\t\t<span class=\"elementor-button-text\">+ d'infos sur ce service<\/span>\n\t\t\t\t\t<\/span>\n\t\t\t\t\t<\/a>\n\t\t<\/div>\n\t\t\t\t<\/div>\n\t\t\t\t<\/div>\n\t\t\t\t\t<\/div>\n\t\t\t\t<\/div>\n\t\t<div class=\"elementor-element elementor-element-e93d44f e-flex e-con-boxed e-con e-parent\" data-id=\"e93d44f\" data-element_type=\"container\">\n\t\t\t\t\t<div class=\"e-con-inner\">\n\t\t\t\t<div class=\"elementor-element elementor-element-565cec8 elementor-widget elementor-widget-image\" data-id=\"565cec8\" data-element_type=\"widget\" data-widget_type=\"image.default\">\n\t\t\t\t<div class=\"elementor-widget-container\">\n\t\t\t<style>\/*! elementor - v3.21.0 - 22-05-2024 *\/\n.elementor-widget-image{text-align:center}.elementor-widget-image a{display:inline-block}.elementor-widget-image a img[src$=\".svg\"]{width:48px}.elementor-widget-image img{vertical-align:middle;display:inline-block}<\/style>\t\t\t\t\t\t\t\t\t\t<img fetchpriority=\"high\" decoding=\"async\" width=\"300\" height=\"300\" src=\"https:\/\/lesclefsdambleteuse.fr\/wp-content\/uploads\/2024\/07\/Design-sans-titre-_32_-1-300x300.webp\" class=\"attachment-medium size-medium wp-image-16917\" alt=\"\" srcset=\"https:\/\/lesclefsdambleteuse.fr\/wp-content\/uploads\/2024\/07\/Design-sans-titre-_32_-1-300x300.webp 300w, https:\/\/lesclefsdambleteuse.fr\/wp-content\/uploads\/2024\/07\/Design-sans-titre-_32_-1-150x150.webp 150w, https:\/\/lesclefsdambleteuse.fr\/wp-content\/uploads\/2024\/07\/Design-sans-titre-_32_-1-450x450.webp 450w, https:\/\/lesclefsdambleteuse.fr\/wp-content\/uploads\/2024\/07\/Design-sans-titre-_32_-1-106x106.webp 106w, https:\/\/lesclefsdambleteuse.fr\/wp-content\/uploads\/2024\/07\/Design-sans-titre-_32_-1-70x70.webp 70w, https:\/\/lesclefsdambleteuse.fr\/wp-content\/uploads\/2024\/07\/Design-sans-titre-_32_-1.webp 500w\" sizes=\"(max-width: 300px) 100vw, 300px\" \/>\t\t\t\t\t\t\t\t\t\t\t\t\t<\/div>\n\t\t\t\t<\/div>\n\t\t\t\t\t<\/div>\n\t\t\t\t<\/div>\n\t\t\t\t<\/div>\n\t\t","protected":false},"excerpt":{"rendered":"<p>Tarifs des prestations pour les voyageurs Retrouvez ci dessous les tarifs de mes diff\u00e9rentes prestations. KIT DE LINGE (comprend le linge de bain et de lit) 10 \u20ac \/ voyageur Linge de qualit\u00e9 sup\u00e9rieure Non obligatoire Linge de bain Linge de lits Demandez votre devis Petit d\u00e9jeuner 10 \u20ac \/ VOYAGEUR Livr\u00e9 \u00e0 la porte [&hellip;]<\/p>\n","protected":false},"author":1,"featured_media":0,"parent":0,"menu_order":0,"comment_status":"closed","ping_status":"closed","template":"","meta":{"footnotes":""},"class_list":["post-16659","page","type-page","status-publish","hentry"],"yoast_head":"<!-- This site is optimized with the Yoast SEO plugin v22.9 - https:\/\/yoast.com\/wordpress\/plugins\/seo\/ -->\n<title>Tarifs pour les voyageurs - Les clefs d&#039;Ambleteuse<\/title>\n<meta name=\"description\" content=\"Retrouvez nos tarifs simplement et rapidement. Chaque option est facultative, profitez votre s\u00e9jour comme vous le souhaitez.\" \/>\n<meta name=\"robots\" content=\"index, follow, max-snippet:-1, max-image-preview:large, max-video-preview:-1\" \/>\n<link rel=\"canonical\" href=\"https:\/\/lesclefsdambleteuse.fr\/?page_id=16659\" \/>\n<meta property=\"og:locale\" content=\"en_US\" \/>\n<meta property=\"og:type\" content=\"article\" \/>\n<meta property=\"og:title\" content=\"Tarifs pour les voyageurs - Les clefs d&#039;Ambleteuse\" \/>\n<meta property=\"og:description\" content=\"Retrouvez nos tarifs simplement et rapidement. Chaque option est facultative, profitez votre s\u00e9jour comme vous le souhaitez.\" \/>\n<meta property=\"og:url\" content=\"https:\/\/lesclefsdambleteuse.fr\/?page_id=16659\" \/>\n<meta property=\"og:site_name\" content=\"Les clefs d&#039;Ambleteuse\" \/>\n<meta property=\"article:modified_time\" content=\"2024-08-07T09:39:36+00:00\" \/>\n<meta property=\"og:image\" content=\"http:\/\/lesclefsdambleteuse.fr\/wp-content\/uploads\/2024\/07\/Design-sans-titre-_32_-1-300x300.webp\" \/>\n<meta name=\"twitter:card\" content=\"summary_large_image\" \/>\n<meta name=\"twitter:label1\" content=\"Est. reading time\" \/>\n\t<meta name=\"twitter:data1\" content=\"1 minute\" \/>\n<script type=\"application\/ld+json\" class=\"yoast-schema-graph\">{\"@context\":\"https:\/\/schema.org\",\"@graph\":[{\"@type\":\"WebPage\",\"@id\":\"https:\/\/lesclefsdambleteuse.fr\/?page_id=16659\",\"url\":\"https:\/\/lesclefsdambleteuse.fr\/?page_id=16659\",\"name\":\"Tarifs pour les voyageurs - Les clefs d&#039;Ambleteuse\",\"isPartOf\":{\"@id\":\"https:\/\/lesclefsdambleteuse.fr\/#website\"},\"primaryImageOfPage\":{\"@id\":\"https:\/\/lesclefsdambleteuse.fr\/?page_id=16659#primaryimage\"},\"image\":{\"@id\":\"https:\/\/lesclefsdambleteuse.fr\/?page_id=16659#primaryimage\"},\"thumbnailUrl\":\"http:\/\/lesclefsdambleteuse.fr\/wp-content\/uploads\/2024\/07\/Design-sans-titre-_32_-1-300x300.webp\",\"datePublished\":\"2024-06-25T19:39:51+00:00\",\"dateModified\":\"2024-08-07T09:39:36+00:00\",\"description\":\"Retrouvez nos tarifs simplement et rapidement. Chaque option est facultative, profitez votre s\u00e9jour comme vous le souhaitez.\",\"breadcrumb\":{\"@id\":\"https:\/\/lesclefsdambleteuse.fr\/?page_id=16659#breadcrumb\"},\"inLanguage\":\"en-US\",\"potentialAction\":[{\"@type\":\"ReadAction\",\"target\":[\"https:\/\/lesclefsdambleteuse.fr\/?page_id=16659\"]}]},{\"@type\":\"ImageObject\",\"inLanguage\":\"en-US\",\"@id\":\"https:\/\/lesclefsdambleteuse.fr\/?page_id=16659#primaryimage\",\"url\":\"https:\/\/lesclefsdambleteuse.fr\/wp-content\/uploads\/2024\/07\/Design-sans-titre-_32_-1.webp\",\"contentUrl\":\"https:\/\/lesclefsdambleteuse.fr\/wp-content\/uploads\/2024\/07\/Design-sans-titre-_32_-1.webp\",\"width\":500,\"height\":500},{\"@type\":\"BreadcrumbList\",\"@id\":\"https:\/\/lesclefsdambleteuse.fr\/?page_id=16659#breadcrumb\",\"itemListElement\":[{\"@type\":\"ListItem\",\"position\":1,\"name\":\"Accueil\",\"item\":\"https:\/\/lesclefsdambleteuse.fr\/\"},{\"@type\":\"ListItem\",\"position\":2,\"name\":\"Tarifs pour les voyageurs\"}]},{\"@type\":\"WebSite\",\"@id\":\"https:\/\/lesclefsdambleteuse.fr\/#website\",\"url\":\"https:\/\/lesclefsdambleteuse.fr\/\",\"name\":\"Les clefs d&#039;Ambleteuse\",\"description\":\"\",\"potentialAction\":[{\"@type\":\"SearchAction\",\"target\":{\"@type\":\"EntryPoint\",\"urlTemplate\":\"https:\/\/lesclefsdambleteuse.fr\/?s={search_term_string}\"},\"query-input\":\"required name=search_term_string\"}],\"inLanguage\":\"en-US\"}]}<\/script>\n<!-- \/ Yoast SEO plugin. -->","yoast_head_json":{"title":"Tarifs pour les voyageurs - Les clefs d&#039;Ambleteuse","description":"Retrouvez nos tarifs simplement et rapidement. Chaque option est facultative, profitez votre s\u00e9jour comme vous le souhaitez.","robots":{"index":"index","follow":"follow","max-snippet":"max-snippet:-1","max-image-preview":"max-image-preview:large","max-video-preview":"max-video-preview:-1"},"canonical":"https:\/\/lesclefsdambleteuse.fr\/?page_id=16659","og_locale":"en_US","og_type":"article","og_title":"Tarifs pour les voyageurs - Les clefs d&#039;Ambleteuse","og_description":"Retrouvez nos tarifs simplement et rapidement. Chaque option est facultative, profitez votre s\u00e9jour comme vous le souhaitez.","og_url":"https:\/\/lesclefsdambleteuse.fr\/?page_id=16659","og_site_name":"Les clefs d&#039;Ambleteuse","article_modified_time":"2024-08-07T09:39:36+00:00","og_image":[{"url":"http:\/\/lesclefsdambleteuse.fr\/wp-content\/uploads\/2024\/07\/Design-sans-titre-_32_-1-300x300.webp"}],"twitter_card":"summary_large_image","twitter_misc":{"Est. reading time":"1 minute"},"schema":{"@context":"https:\/\/schema.org","@graph":[{"@type":"WebPage","@id":"https:\/\/lesclefsdambleteuse.fr\/?page_id=16659","url":"https:\/\/lesclefsdambleteuse.fr\/?page_id=16659","name":"Tarifs pour les voyageurs - Les clefs d&#039;Ambleteuse","isPartOf":{"@id":"https:\/\/lesclefsdambleteuse.fr\/#website"},"primaryImageOfPage":{"@id":"https:\/\/lesclefsdambleteuse.fr\/?page_id=16659#primaryimage"},"image":{"@id":"https:\/\/lesclefsdambleteuse.fr\/?page_id=16659#primaryimage"},"thumbnailUrl":"http:\/\/lesclefsdambleteuse.fr\/wp-content\/uploads\/2024\/07\/Design-sans-titre-_32_-1-300x300.webp","datePublished":"2024-06-25T19:39:51+00:00","dateModified":"2024-08-07T09:39:36+00:00","description":"Retrouvez nos tarifs simplement et rapidement. Chaque option est facultative, profitez votre s\u00e9jour comme vous le souhaitez.","breadcrumb":{"@id":"https:\/\/lesclefsdambleteuse.fr\/?page_id=16659#breadcrumb"},"inLanguage":"en-US","potentialAction":[{"@type":"ReadAction","target":["https:\/\/lesclefsdambleteuse.fr\/?page_id=16659"]}]},{"@type":"ImageObject","inLanguage":"en-US","@id":"https:\/\/lesclefsdambleteuse.fr\/?page_id=16659#primaryimage","url":"https:\/\/lesclefsdambleteuse.fr\/wp-content\/uploads\/2024\/07\/Design-sans-titre-_32_-1.webp","contentUrl":"https:\/\/lesclefsdambleteuse.fr\/wp-content\/uploads\/2024\/07\/Design-sans-titre-_32_-1.webp","width":500,"height":500},{"@type":"BreadcrumbList","@id":"https:\/\/lesclefsdambleteuse.fr\/?page_id=16659#breadcrumb","itemListElement":[{"@type":"ListItem","position":1,"name":"Accueil","item":"https:\/\/lesclefsdambleteuse.fr\/"},{"@type":"ListItem","position":2,"name":"Tarifs pour les voyageurs"}]},{"@type":"WebSite","@id":"https:\/\/lesclefsdambleteuse.fr\/#website","url":"https:\/\/lesclefsdambleteuse.fr\/","name":"Les clefs d&#039;Ambleteuse","description":"","potentialAction":[{"@type":"SearchAction","target":{"@type":"EntryPoint","urlTemplate":"https:\/\/lesclefsdambleteuse.fr\/?s={search_term_string}"},"query-input":"required name=search_term_string"}],"inLanguage":"en-US"}]}},"_links":{"self":[{"href":"https:\/\/lesclefsdambleteuse.fr\/index.php?rest_route=\/wp\/v2\/pages\/16659","targetHints":{"allow":["GET"]}}],"collection":[{"href":"https:\/\/lesclefsdambleteuse.fr\/index.php?rest_route=\/wp\/v2\/pages"}],"about":[{"href":"https:\/\/lesclefsdambleteuse.fr\/index.php?rest_route=\/wp\/v2\/types\/page"}],"author":[{"embeddable":true,"href":"https:\/\/lesclefsdambleteuse.fr\/index.php?rest_route=\/wp\/v2\/users\/1"}],"replies":[{"embeddable":true,"href":"https:\/\/lesclefsdambleteuse.fr\/index.php?rest_route=%2Fwp%2Fv2%2Fcomments&post=16659"}],"version-history":[{"count":47,"href":"https:\/\/lesclefsdambleteuse.fr\/index.php?rest_route=\/wp\/v2\/pages\/16659\/revisions"}],"predecessor-version":[{"id":16984,"href":"https:\/\/lesclefsdambleteuse.fr\/index.php?rest_route=\/wp\/v2\/pages\/16659\/revisions\/16984"}],"wp:attachment":[{"href":"https:\/\/lesclefsdambleteuse.fr\/index.php?rest_route=%2Fwp%2Fv2%2Fmedia&parent=16659"}],"curies":[{"name":"wp","href":"https:\/\/api.w.org\/{rel}","templated":true}]}}