{"id":16146,"date":"2024-06-11T10:17:43","date_gmt":"2024-06-11T08:17:43","guid":{"rendered":"https:\/\/lesclefsdambleteuse.fr\/?page_id=16146"},"modified":"2024-07-24T11:32:04","modified_gmt":"2024-07-24T09:32:04","slug":"services-pour-les-voyageurs","status":"publish","type":"page","link":"https:\/\/lesclefsdambleteuse.fr\/?page_id=16146","title":{"rendered":"Services pour les voyageurs"},"content":{"rendered":"\t\t<div data-elementor-type=\"wp-page\" data-elementor-id=\"16146\" class=\"elementor elementor-16146\">\n\t\t\t\t<div class=\"elementor-element elementor-element-e0eb72a e-flex e-con-boxed e-con e-parent\" data-id=\"e0eb72a\" data-element_type=\"container\">\n\t\t\t\t\t<div class=\"e-con-inner\">\n\t\t\t\t<div class=\"elementor-element elementor-element-8b350ab elementor-widget elementor-widget-heading\" data-id=\"8b350ab\" data-element_type=\"widget\" data-widget_type=\"heading.default\">\n\t\t\t\t<div class=\"elementor-widget-container\">\n\t\t\t<style>\/*! elementor - v3.21.0 - 22-05-2024 *\/\n.elementor-heading-title{padding:0;margin:0;line-height:1}.elementor-widget-heading .elementor-heading-title[class*=elementor-size-]>a{color:inherit;font-size:inherit;line-height:inherit}.elementor-widget-heading .elementor-heading-title.elementor-size-small{font-size:15px}.elementor-widget-heading .elementor-heading-title.elementor-size-medium{font-size:19px}.elementor-widget-heading .elementor-heading-title.elementor-size-large{font-size:29px}.elementor-widget-heading .elementor-heading-title.elementor-size-xl{font-size:39px}.elementor-widget-heading .elementor-heading-title.elementor-size-xxl{font-size:59px}<\/style><h1 class=\"elementor-heading-title elementor-size-default\">Les services de notre conciergerie pour les voyageurs.<\/h1>\t\t<\/div>\n\t\t\t\t<\/div>\n\t\t\t\t\t<\/div>\n\t\t\t\t<\/div>\n\t\t<div class=\"elementor-element elementor-element-062e0ab e-flex e-con-boxed e-con e-parent\" data-id=\"062e0ab\" data-element_type=\"container\">\n\t\t\t\t\t<div class=\"e-con-inner\">\n\t\t\t\t<div class=\"elementor-element elementor-element-9d09f28 elementor-widget elementor-widget-text-editor\" data-id=\"9d09f28\" data-element_type=\"widget\" data-widget_type=\"text-editor.default\">\n\t\t\t\t<div class=\"elementor-widget-container\">\n\t\t\t<style>\/*! elementor - v3.21.0 - 22-05-2024 *\/\n.elementor-widget-text-editor.elementor-drop-cap-view-stacked .elementor-drop-cap{background-color:#69727d;color:#fff}.elementor-widget-text-editor.elementor-drop-cap-view-framed .elementor-drop-cap{color:#69727d;border:3px solid;background-color:transparent}.elementor-widget-text-editor:not(.elementor-drop-cap-view-default) .elementor-drop-cap{margin-top:8px}.elementor-widget-text-editor:not(.elementor-drop-cap-view-default) .elementor-drop-cap-letter{width:1em;height:1em}.elementor-widget-text-editor .elementor-drop-cap{float:left;text-align:center;line-height:1;font-size:50px}.elementor-widget-text-editor .elementor-drop-cap-letter{display:inline-block}<\/style>\t\t\t\t<p>Retrouvez mes services pour profiter au maximum de vos vacances.<\/p>\t\t\t\t\t\t<\/div>\n\t\t\t\t<\/div>\n\t\t\t\t\t<\/div>\n\t\t\t\t<\/div>\n\t\t<div class=\"elementor-element elementor-element-ce0eaa7 e-flex e-con-boxed e-con e-parent\" data-id=\"ce0eaa7\" data-element_type=\"container\">\n\t\t\t\t\t<div class=\"e-con-inner\">\n\t\t\t\t<div class=\"elementor-element elementor-element-cf2612f elementor-widget elementor-widget-heading\" data-id=\"cf2612f\" data-element_type=\"widget\" data-widget_type=\"heading.default\">\n\t\t\t\t<div class=\"elementor-widget-container\">\n\t\t\t<h2 class=\"elementor-heading-title elementor-size-default\">Vous accompagner lors de votre s\u00e9jour<\/h2>\t\t<\/div>\n\t\t\t\t<\/div>\n\t\t\t\t\t<\/div>\n\t\t\t\t<\/div>\n\t\t<div class=\"elementor-element elementor-element-fbd1304 e-flex e-con-boxed e-con e-parent\" data-id=\"fbd1304\" data-element_type=\"container\">\n\t\t\t\t\t<div class=\"e-con-inner\">\n\t\t<div class=\"elementor-element elementor-element-5309efa e-con-full e-flex e-con e-child\" data-id=\"5309efa\" data-element_type=\"container\">\n\t\t\t\t<div class=\"elementor-element elementor-element-231481a elementor-widget elementor-widget-image\" data-id=\"231481a\" data-element_type=\"widget\" data-widget_type=\"image.default\">\n\t\t\t\t<div class=\"elementor-widget-container\">\n\t\t\t<style>\/*! elementor - v3.21.0 - 22-05-2024 *\/\n.elementor-widget-image{text-align:center}.elementor-widget-image a{display:inline-block}.elementor-widget-image a img[src$=\".svg\"]{width:48px}.elementor-widget-image img{vertical-align:middle;display:inline-block}<\/style>\t\t\t\t\t\t\t\t\t\t<img fetchpriority=\"high\" decoding=\"async\" width=\"300\" height=\"300\" src=\"https:\/\/lesclefsdambleteuse.fr\/wp-content\/uploads\/2024\/07\/Design-sans-titre-_41_-300x300.webp\" class=\"attachment-medium size-medium wp-image-16832\" alt=\"location de linge\" srcset=\"https:\/\/lesclefsdambleteuse.fr\/wp-content\/uploads\/2024\/07\/Design-sans-titre-_41_-300x300.webp 300w, https:\/\/lesclefsdambleteuse.fr\/wp-content\/uploads\/2024\/07\/Design-sans-titre-_41_-150x150.webp 150w, https:\/\/lesclefsdambleteuse.fr\/wp-content\/uploads\/2024\/07\/Design-sans-titre-_41_-450x450.webp 450w, https:\/\/lesclefsdambleteuse.fr\/wp-content\/uploads\/2024\/07\/Design-sans-titre-_41_-106x106.webp 106w, https:\/\/lesclefsdambleteuse.fr\/wp-content\/uploads\/2024\/07\/Design-sans-titre-_41_-70x70.webp 70w, https:\/\/lesclefsdambleteuse.fr\/wp-content\/uploads\/2024\/07\/Design-sans-titre-_41_.webp 500w\" sizes=\"(max-width: 300px) 100vw, 300px\" \/>\t\t\t\t\t\t\t\t\t\t\t\t\t<\/div>\n\t\t\t\t<\/div>\n\t\t\t\t<\/div>\n\t\t<div class=\"elementor-element elementor-element-7b368da e-con-full e-flex e-con e-child\" data-id=\"7b368da\" data-element_type=\"container\">\n\t\t\t\t<div class=\"elementor-element elementor-element-bdfdc97 elementor-widget elementor-widget-text-editor\" data-id=\"bdfdc97\" data-element_type=\"widget\" data-widget_type=\"text-editor.default\">\n\t\t\t\t<div class=\"elementor-widget-container\">\n\t\t\t\t\t\t\t<ul><li><strong>Location de linge<\/strong><\/li><\/ul><p>Afin de vous \u00e9viter cet encombrement, vous avez la possibilit\u00e9 de louer le linge qui sera \u00e0 votre disposition \u00e0 votre arriv\u00e9e.<\/p><p>Un linge de qualit\u00e9 h\u00f4teli\u00e8re pour le bain et la literie.<\/p><p>Possibilit\u00e9 de demander le changement de linge en cours de s\u00e9jour.<\/p><p>Le tarif d\u00e9pend du nombre de personnes.<\/p>\t\t\t\t\t\t<\/div>\n\t\t\t\t<\/div>\n\t\t\t\t<\/div>\n\t\t\t\t\t<\/div>\n\t\t\t\t<\/div>\n\t\t<div class=\"elementor-element elementor-element-864ce78 e-flex e-con-boxed e-con e-parent\" data-id=\"864ce78\" data-element_type=\"container\">\n\t\t\t\t\t<div class=\"e-con-inner\">\n\t\t\t\t<div class=\"elementor-element elementor-element-901ae59 elementor-align-justify elementor-widget elementor-widget-button\" data-id=\"901ae59\" data-element_type=\"widget\" data-widget_type=\"button.default\">\n\t\t\t\t<div class=\"elementor-widget-container\">\n\t\t\t\t\t<div class=\"elementor-button-wrapper\">\n\t\t\t<a class=\"elementor-button elementor-button-link elementor-size-sm\" href=\"https:\/\/lesclefsdambleteuse.fr\/?page_id=16659\">\n\t\t\t\t\t\t<span class=\"elementor-button-content-wrapper\">\n\t\t\t\t\t\t\t\t\t<span class=\"elementor-button-text\">Voir les tarifs<\/span>\n\t\t\t\t\t<\/span>\n\t\t\t\t\t<\/a>\n\t\t<\/div>\n\t\t\t\t<\/div>\n\t\t\t\t<\/div>\n\t\t\t\t<div class=\"elementor-element elementor-element-0059b35 elementor-align-justify elementor-widget elementor-widget-button\" data-id=\"0059b35\" data-element_type=\"widget\" data-widget_type=\"button.default\">\n\t\t\t\t<div class=\"elementor-widget-container\">\n\t\t\t\t\t<div class=\"elementor-button-wrapper\">\n\t\t\t<a class=\"elementor-button elementor-button-link elementor-size-sm\" href=\"https:\/\/lesclefsdambleteuse.fr\/?page_id=415\">\n\t\t\t\t\t\t<span class=\"elementor-button-content-wrapper\">\n\t\t\t\t\t\t\t\t\t<span class=\"elementor-button-text\">Demander un devis<\/span>\n\t\t\t\t\t<\/span>\n\t\t\t\t\t<\/a>\n\t\t<\/div>\n\t\t\t\t<\/div>\n\t\t\t\t<\/div>\n\t\t\t\t\t<\/div>\n\t\t\t\t<\/div>\n\t\t<div class=\"elementor-element elementor-element-92583c8 e-flex e-con-boxed e-con e-parent\" data-id=\"92583c8\" data-element_type=\"container\">\n\t\t\t\t\t<div class=\"e-con-inner\">\n\t\t<div class=\"elementor-element elementor-element-fbdabeb e-con-full e-flex e-con e-child\" data-id=\"fbdabeb\" data-element_type=\"container\">\n\t\t\t\t<div class=\"elementor-element elementor-element-a7909db elementor-widget elementor-widget-image\" data-id=\"a7909db\" data-element_type=\"widget\" data-widget_type=\"image.default\">\n\t\t\t\t<div class=\"elementor-widget-container\">\n\t\t\t\t\t\t\t\t\t\t\t\t\t<img decoding=\"async\" width=\"300\" height=\"300\" src=\"https:\/\/lesclefsdambleteuse.fr\/wp-content\/uploads\/2024\/07\/Design-sans-titre-_42_-300x300.webp\" class=\"attachment-medium size-medium wp-image-16833\" alt=\"petit d\u00e9jeuner\" srcset=\"https:\/\/lesclefsdambleteuse.fr\/wp-content\/uploads\/2024\/07\/Design-sans-titre-_42_-300x300.webp 300w, https:\/\/lesclefsdambleteuse.fr\/wp-content\/uploads\/2024\/07\/Design-sans-titre-_42_-150x150.webp 150w, https:\/\/lesclefsdambleteuse.fr\/wp-content\/uploads\/2024\/07\/Design-sans-titre-_42_-450x450.webp 450w, https:\/\/lesclefsdambleteuse.fr\/wp-content\/uploads\/2024\/07\/Design-sans-titre-_42_-106x106.webp 106w, https:\/\/lesclefsdambleteuse.fr\/wp-content\/uploads\/2024\/07\/Design-sans-titre-_42_-70x70.webp 70w, https:\/\/lesclefsdambleteuse.fr\/wp-content\/uploads\/2024\/07\/Design-sans-titre-_42_.webp 500w\" sizes=\"(max-width: 300px) 100vw, 300px\" \/>\t\t\t\t\t\t\t\t\t\t\t\t\t<\/div>\n\t\t\t\t<\/div>\n\t\t\t\t<\/div>\n\t\t<div class=\"elementor-element elementor-element-91ce0bf e-con-full e-flex e-con e-child\" data-id=\"91ce0bf\" data-element_type=\"container\">\n\t\t\t\t<div class=\"elementor-element elementor-element-d26020d elementor-widget elementor-widget-text-editor\" data-id=\"d26020d\" data-element_type=\"widget\" data-widget_type=\"text-editor.default\">\n\t\t\t\t<div class=\"elementor-widget-container\">\n\t\t\t\t\t\t\t<ul><li><strong>Petit d\u00e9jeuner<\/strong><\/li><\/ul><p>Un bon petit d\u00e9jeuner livr\u00e9 \u00e0 votre porte pour bien d\u00e9marrer la journ\u00e9e.<\/p><p>Produits locaux, bons pains et viennoiseries de la boulangerie.<\/p><p>Confitures, p\u00e2te \u00e0 tartiner et beurre.<\/p><p>Boissons chaudes et jus d&#8217;orange.<\/p>\t\t\t\t\t\t<\/div>\n\t\t\t\t<\/div>\n\t\t\t\t<\/div>\n\t\t\t\t\t<\/div>\n\t\t\t\t<\/div>\n\t\t<div class=\"elementor-element elementor-element-a784998 e-flex e-con-boxed e-con e-parent\" data-id=\"a784998\" data-element_type=\"container\">\n\t\t\t\t\t<div class=\"e-con-inner\">\n\t\t\t\t<div class=\"elementor-element elementor-element-5270c1a elementor-align-justify elementor-widget elementor-widget-button\" data-id=\"5270c1a\" data-element_type=\"widget\" data-widget_type=\"button.default\">\n\t\t\t\t<div class=\"elementor-widget-container\">\n\t\t\t\t\t<div class=\"elementor-button-wrapper\">\n\t\t\t<a class=\"elementor-button elementor-button-link elementor-size-sm\" href=\"https:\/\/lesclefsdambleteuse.fr\/?page_id=16659\">\n\t\t\t\t\t\t<span class=\"elementor-button-content-wrapper\">\n\t\t\t\t\t\t\t\t\t<span class=\"elementor-button-text\">Voir les tarifs<\/span>\n\t\t\t\t\t<\/span>\n\t\t\t\t\t<\/a>\n\t\t<\/div>\n\t\t\t\t<\/div>\n\t\t\t\t<\/div>\n\t\t\t\t<div class=\"elementor-element elementor-element-446a65e elementor-align-justify elementor-widget elementor-widget-button\" data-id=\"446a65e\" data-element_type=\"widget\" data-widget_type=\"button.default\">\n\t\t\t\t<div class=\"elementor-widget-container\">\n\t\t\t\t\t<div class=\"elementor-button-wrapper\">\n\t\t\t<a class=\"elementor-button elementor-button-link elementor-size-sm\" href=\"https:\/\/lesclefsdambleteuse.fr\/?page_id=415\">\n\t\t\t\t\t\t<span class=\"elementor-button-content-wrapper\">\n\t\t\t\t\t\t\t\t\t<span class=\"elementor-button-text\">Demander un devis<\/span>\n\t\t\t\t\t<\/span>\n\t\t\t\t\t<\/a>\n\t\t<\/div>\n\t\t\t\t<\/div>\n\t\t\t\t<\/div>\n\t\t\t\t\t<\/div>\n\t\t\t\t<\/div>\n\t\t<div class=\"elementor-element elementor-element-4150f91 e-flex e-con-boxed e-con e-parent\" data-id=\"4150f91\" data-element_type=\"container\">\n\t\t\t\t\t<div class=\"e-con-inner\">\n\t\t<div class=\"elementor-element elementor-element-f65d5af e-con-full e-flex e-con e-child\" data-id=\"f65d5af\" data-element_type=\"container\">\n\t\t\t\t<div class=\"elementor-element elementor-element-646eb28 elementor-widget elementor-widget-image\" data-id=\"646eb28\" data-element_type=\"widget\" data-widget_type=\"image.default\">\n\t\t\t\t<div class=\"elementor-widget-container\">\n\t\t\t\t\t\t\t\t\t\t\t\t\t<img decoding=\"async\" width=\"300\" height=\"300\" src=\"https:\/\/lesclefsdambleteuse.fr\/wp-content\/uploads\/2024\/07\/Design-sans-titre-_43_-300x300.webp\" class=\"attachment-medium size-medium wp-image-16837\" alt=\"conseils\" srcset=\"https:\/\/lesclefsdambleteuse.fr\/wp-content\/uploads\/2024\/07\/Design-sans-titre-_43_-300x300.webp 300w, https:\/\/lesclefsdambleteuse.fr\/wp-content\/uploads\/2024\/07\/Design-sans-titre-_43_-150x150.webp 150w, https:\/\/lesclefsdambleteuse.fr\/wp-content\/uploads\/2024\/07\/Design-sans-titre-_43_-450x450.webp 450w, https:\/\/lesclefsdambleteuse.fr\/wp-content\/uploads\/2024\/07\/Design-sans-titre-_43_-106x106.webp 106w, https:\/\/lesclefsdambleteuse.fr\/wp-content\/uploads\/2024\/07\/Design-sans-titre-_43_-70x70.webp 70w, https:\/\/lesclefsdambleteuse.fr\/wp-content\/uploads\/2024\/07\/Design-sans-titre-_43_.webp 500w\" sizes=\"(max-width: 300px) 100vw, 300px\" \/>\t\t\t\t\t\t\t\t\t\t\t\t\t<\/div>\n\t\t\t\t<\/div>\n\t\t\t\t<\/div>\n\t\t<div class=\"elementor-element elementor-element-81d8a46 e-con-full e-flex e-con e-child\" data-id=\"81d8a46\" data-element_type=\"container\">\n\t\t\t\t<div class=\"elementor-element elementor-element-5fc7d74 elementor-widget elementor-widget-text-editor\" data-id=\"5fc7d74\" data-element_type=\"widget\" data-widget_type=\"text-editor.default\">\n\t\t\t\t<div class=\"elementor-widget-container\">\n\t\t\t\t\t\t\t<ul><li><strong>Conseils et astuces<\/strong><\/li><\/ul><p>Natif et amoureux du secteur, je vous conseillerai avec plaisir pour que vous passiez le meilleur des s\u00e9jours.<\/p><p>O\u00f9 manger, que visiter, o\u00f9 se balader, vous aurez toutes les clefs en main.<\/p><p>Je serai \u00e9galement disponible en cas de besoin technique ou de renseignement avant, pendant et apr\u00e8s votre s\u00e9jour.<\/p>\t\t\t\t\t\t<\/div>\n\t\t\t\t<\/div>\n\t\t\t\t<\/div>\n\t\t\t\t\t<\/div>\n\t\t\t\t<\/div>\n\t\t<div class=\"elementor-element elementor-element-e812b80 e-flex e-con-boxed e-con e-parent\" data-id=\"e812b80\" data-element_type=\"container\">\n\t\t\t\t\t<div class=\"e-con-inner\">\n\t\t<div class=\"elementor-element elementor-element-6c88cf6 e-con-full e-flex e-con e-child\" data-id=\"6c88cf6\" data-element_type=\"container\">\n\t\t\t\t<div class=\"elementor-element elementor-element-b5b9415 elementor-widget elementor-widget-image\" data-id=\"b5b9415\" data-element_type=\"widget\" data-widget_type=\"image.default\">\n\t\t\t\t<div class=\"elementor-widget-container\">\n\t\t\t\t\t\t\t\t\t\t\t\t\t<img loading=\"lazy\" decoding=\"async\" width=\"300\" height=\"300\" src=\"https:\/\/lesclefsdambleteuse.fr\/wp-content\/uploads\/2024\/07\/Design-sans-titre-_44_-300x300.webp\" class=\"attachment-medium size-medium wp-image-16838\" alt=\"demandes\" srcset=\"https:\/\/lesclefsdambleteuse.fr\/wp-content\/uploads\/2024\/07\/Design-sans-titre-_44_-300x300.webp 300w, https:\/\/lesclefsdambleteuse.fr\/wp-content\/uploads\/2024\/07\/Design-sans-titre-_44_-150x150.webp 150w, https:\/\/lesclefsdambleteuse.fr\/wp-content\/uploads\/2024\/07\/Design-sans-titre-_44_-450x450.webp 450w, https:\/\/lesclefsdambleteuse.fr\/wp-content\/uploads\/2024\/07\/Design-sans-titre-_44_-106x106.webp 106w, https:\/\/lesclefsdambleteuse.fr\/wp-content\/uploads\/2024\/07\/Design-sans-titre-_44_-70x70.webp 70w, https:\/\/lesclefsdambleteuse.fr\/wp-content\/uploads\/2024\/07\/Design-sans-titre-_44_.webp 500w\" sizes=\"(max-width: 300px) 100vw, 300px\" \/>\t\t\t\t\t\t\t\t\t\t\t\t\t<\/div>\n\t\t\t\t<\/div>\n\t\t\t\t<\/div>\n\t\t<div class=\"elementor-element elementor-element-e89b88d e-con-full e-flex e-con e-child\" data-id=\"e89b88d\" data-element_type=\"container\">\n\t\t\t\t<div class=\"elementor-element elementor-element-cf0742e elementor-widget elementor-widget-text-editor\" data-id=\"cf0742e\" data-element_type=\"widget\" data-widget_type=\"text-editor.default\">\n\t\t\t\t<div class=\"elementor-widget-container\">\n\t\t\t\t\t\t\t<ul><li><strong>Demandes sp\u00e9cifiques<\/strong><\/li><\/ul><p>Envie de faire une surprise, ou de se faire livrer un repas? N\u2019h\u00e9sitez pas \u00e0 me solliciter pour vos envies.<\/p><p>Chacune de vos demandes sera \u00e9tudi\u00e9e.<\/p>\t\t\t\t\t\t<\/div>\n\t\t\t\t<\/div>\n\t\t\t\t<\/div>\n\t\t\t\t\t<\/div>\n\t\t\t\t<\/div>\n\t\t<div class=\"elementor-element elementor-element-75cb826 e-flex e-con-boxed e-con e-parent\" data-id=\"75cb826\" data-element_type=\"container\">\n\t\t\t\t\t<div class=\"e-con-inner\">\n\t\t\t\t<div class=\"elementor-element elementor-element-1d4d3f5 elementor-align-justify elementor-widget elementor-widget-button\" data-id=\"1d4d3f5\" data-element_type=\"widget\" data-widget_type=\"button.default\">\n\t\t\t\t<div class=\"elementor-widget-container\">\n\t\t\t\t\t<div class=\"elementor-button-wrapper\">\n\t\t\t<a class=\"elementor-button elementor-button-link elementor-size-sm\" href=\"https:\/\/lesclefsdambleteuse.fr\/?page_id=16659\">\n\t\t\t\t\t\t<span class=\"elementor-button-content-wrapper\">\n\t\t\t\t\t\t\t\t\t<span class=\"elementor-button-text\">Voir les tarifs<\/span>\n\t\t\t\t\t<\/span>\n\t\t\t\t\t<\/a>\n\t\t<\/div>\n\t\t\t\t<\/div>\n\t\t\t\t<\/div>\n\t\t\t\t\t<\/div>\n\t\t\t\t<\/div>\n\t\t<div class=\"elementor-element elementor-element-287cfad e-flex e-con-boxed e-con e-parent\" data-id=\"287cfad\" data-element_type=\"container\">\n\t\t\t\t\t<div class=\"e-con-inner\">\n\t\t\t\t<div class=\"elementor-element elementor-element-7886af9 elementor-align-justify elementor-widget elementor-widget-button\" data-id=\"7886af9\" data-element_type=\"widget\" data-widget_type=\"button.default\">\n\t\t\t\t<div class=\"elementor-widget-container\">\n\t\t\t\t\t<div class=\"elementor-button-wrapper\">\n\t\t\t<a class=\"elementor-button elementor-button-link elementor-size-sm\" href=\"https:\/\/lesclefsdambleteuse.fr\/?page_id=415\">\n\t\t\t\t\t\t<span class=\"elementor-button-content-wrapper\">\n\t\t\t\t\t\t\t\t\t<span class=\"elementor-button-text\">Demander un devis<\/span>\n\t\t\t\t\t<\/span>\n\t\t\t\t\t<\/a>\n\t\t<\/div>\n\t\t\t\t<\/div>\n\t\t\t\t<\/div>\n\t\t\t\t\t<\/div>\n\t\t\t\t<\/div>\n\t\t\t\t<\/div>\n\t\t","protected":false},"excerpt":{"rendered":"<p>Les services de notre conciergerie pour les voyageurs. Retrouvez mes services pour profiter au maximum de vos vacances. Vous accompagner lors de votre s\u00e9jour Location de linge Afin de vous \u00e9viter cet encombrement, vous avez la possibilit\u00e9 de louer le linge qui sera \u00e0 votre disposition \u00e0 votre arriv\u00e9e. Un linge de qualit\u00e9 h\u00f4teli\u00e8re pour [&hellip;]<\/p>\n","protected":false},"author":1,"featured_media":0,"parent":0,"menu_order":0,"comment_status":"closed","ping_status":"closed","template":"","meta":{"footnotes":""},"class_list":["post-16146","page","type-page","status-publish","hentry"],"yoast_head":"<!-- This site is optimized with the Yoast SEO plugin v22.9 - https:\/\/yoast.com\/wordpress\/plugins\/seo\/ -->\n<title>Services pour les voyageurs - Les clefs d&#039;Ambleteuse<\/title>\n<meta name=\"description\" content=\"Retrouvez nos services personnalis\u00e9s pour les voyageurs, des options adapt\u00e9es pour vous accompagner lors de votre s\u00e9jour sur la c\u00f4te.\" \/>\n<meta name=\"robots\" content=\"index, follow, max-snippet:-1, max-image-preview:large, max-video-preview:-1\" \/>\n<link rel=\"canonical\" href=\"https:\/\/lesclefsdambleteuse.fr\/?page_id=16146\" \/>\n<meta property=\"og:locale\" content=\"en_US\" \/>\n<meta property=\"og:type\" content=\"article\" \/>\n<meta property=\"og:title\" content=\"Services pour les voyageurs - Les clefs d&#039;Ambleteuse\" \/>\n<meta property=\"og:description\" content=\"Retrouvez nos services personnalis\u00e9s pour les voyageurs, des options adapt\u00e9es pour vous accompagner lors de votre s\u00e9jour sur la c\u00f4te.\" \/>\n<meta property=\"og:url\" content=\"https:\/\/lesclefsdambleteuse.fr\/?page_id=16146\" \/>\n<meta property=\"og:site_name\" content=\"Les clefs d&#039;Ambleteuse\" \/>\n<meta property=\"article:modified_time\" content=\"2024-07-24T09:32:04+00:00\" \/>\n<meta property=\"og:image\" content=\"http:\/\/lesclefsdambleteuse.fr\/wp-content\/uploads\/2024\/07\/Design-sans-titre-_41_-300x300.webp\" \/>\n<meta name=\"twitter:card\" content=\"summary_large_image\" \/>\n<meta name=\"twitter:label1\" content=\"Est. reading time\" \/>\n\t<meta name=\"twitter:data1\" content=\"2 minutes\" \/>\n<script type=\"application\/ld+json\" class=\"yoast-schema-graph\">{\"@context\":\"https:\/\/schema.org\",\"@graph\":[{\"@type\":\"WebPage\",\"@id\":\"https:\/\/lesclefsdambleteuse.fr\/?page_id=16146\",\"url\":\"https:\/\/lesclefsdambleteuse.fr\/?page_id=16146\",\"name\":\"Services pour les voyageurs - Les clefs d&#039;Ambleteuse\",\"isPartOf\":{\"@id\":\"https:\/\/lesclefsdambleteuse.fr\/#website\"},\"primaryImageOfPage\":{\"@id\":\"https:\/\/lesclefsdambleteuse.fr\/?page_id=16146#primaryimage\"},\"image\":{\"@id\":\"https:\/\/lesclefsdambleteuse.fr\/?page_id=16146#primaryimage\"},\"thumbnailUrl\":\"http:\/\/lesclefsdambleteuse.fr\/wp-content\/uploads\/2024\/07\/Design-sans-titre-_41_-300x300.webp\",\"datePublished\":\"2024-06-11T08:17:43+00:00\",\"dateModified\":\"2024-07-24T09:32:04+00:00\",\"description\":\"Retrouvez nos services personnalis\u00e9s pour les voyageurs, des options adapt\u00e9es pour vous accompagner lors de votre s\u00e9jour sur la c\u00f4te.\",\"breadcrumb\":{\"@id\":\"https:\/\/lesclefsdambleteuse.fr\/?page_id=16146#breadcrumb\"},\"inLanguage\":\"en-US\",\"potentialAction\":[{\"@type\":\"ReadAction\",\"target\":[\"https:\/\/lesclefsdambleteuse.fr\/?page_id=16146\"]}]},{\"@type\":\"ImageObject\",\"inLanguage\":\"en-US\",\"@id\":\"https:\/\/lesclefsdambleteuse.fr\/?page_id=16146#primaryimage\",\"url\":\"http:\/\/lesclefsdambleteuse.fr\/wp-content\/uploads\/2024\/07\/Design-sans-titre-_41_-300x300.webp\",\"contentUrl\":\"http:\/\/lesclefsdambleteuse.fr\/wp-content\/uploads\/2024\/07\/Design-sans-titre-_41_-300x300.webp\"},{\"@type\":\"BreadcrumbList\",\"@id\":\"https:\/\/lesclefsdambleteuse.fr\/?page_id=16146#breadcrumb\",\"itemListElement\":[{\"@type\":\"ListItem\",\"position\":1,\"name\":\"Accueil\",\"item\":\"https:\/\/lesclefsdambleteuse.fr\/\"},{\"@type\":\"ListItem\",\"position\":2,\"name\":\"Services pour les voyageurs\"}]},{\"@type\":\"WebSite\",\"@id\":\"https:\/\/lesclefsdambleteuse.fr\/#website\",\"url\":\"https:\/\/lesclefsdambleteuse.fr\/\",\"name\":\"Les clefs d&#039;Ambleteuse\",\"description\":\"\",\"potentialAction\":[{\"@type\":\"SearchAction\",\"target\":{\"@type\":\"EntryPoint\",\"urlTemplate\":\"https:\/\/lesclefsdambleteuse.fr\/?s={search_term_string}\"},\"query-input\":\"required name=search_term_string\"}],\"inLanguage\":\"en-US\"}]}<\/script>\n<!-- \/ Yoast SEO plugin. -->","yoast_head_json":{"title":"Services pour les voyageurs - Les clefs d&#039;Ambleteuse","description":"Retrouvez nos services personnalis\u00e9s pour les voyageurs, des options adapt\u00e9es pour vous accompagner lors de votre s\u00e9jour sur la c\u00f4te.","robots":{"index":"index","follow":"follow","max-snippet":"max-snippet:-1","max-image-preview":"max-image-preview:large","max-video-preview":"max-video-preview:-1"},"canonical":"https:\/\/lesclefsdambleteuse.fr\/?page_id=16146","og_locale":"en_US","og_type":"article","og_title":"Services pour les voyageurs - Les clefs d&#039;Ambleteuse","og_description":"Retrouvez nos services personnalis\u00e9s pour les voyageurs, des options adapt\u00e9es pour vous accompagner lors de votre s\u00e9jour sur la c\u00f4te.","og_url":"https:\/\/lesclefsdambleteuse.fr\/?page_id=16146","og_site_name":"Les clefs d&#039;Ambleteuse","article_modified_time":"2024-07-24T09:32:04+00:00","og_image":[{"url":"http:\/\/lesclefsdambleteuse.fr\/wp-content\/uploads\/2024\/07\/Design-sans-titre-_41_-300x300.webp"}],"twitter_card":"summary_large_image","twitter_misc":{"Est. reading time":"2 minutes"},"schema":{"@context":"https:\/\/schema.org","@graph":[{"@type":"WebPage","@id":"https:\/\/lesclefsdambleteuse.fr\/?page_id=16146","url":"https:\/\/lesclefsdambleteuse.fr\/?page_id=16146","name":"Services pour les voyageurs - Les clefs d&#039;Ambleteuse","isPartOf":{"@id":"https:\/\/lesclefsdambleteuse.fr\/#website"},"primaryImageOfPage":{"@id":"https:\/\/lesclefsdambleteuse.fr\/?page_id=16146#primaryimage"},"image":{"@id":"https:\/\/lesclefsdambleteuse.fr\/?page_id=16146#primaryimage"},"thumbnailUrl":"http:\/\/lesclefsdambleteuse.fr\/wp-content\/uploads\/2024\/07\/Design-sans-titre-_41_-300x300.webp","datePublished":"2024-06-11T08:17:43+00:00","dateModified":"2024-07-24T09:32:04+00:00","description":"Retrouvez nos services personnalis\u00e9s pour les voyageurs, des options adapt\u00e9es pour vous accompagner lors de votre s\u00e9jour sur la c\u00f4te.","breadcrumb":{"@id":"https:\/\/lesclefsdambleteuse.fr\/?page_id=16146#breadcrumb"},"inLanguage":"en-US","potentialAction":[{"@type":"ReadAction","target":["https:\/\/lesclefsdambleteuse.fr\/?page_id=16146"]}]},{"@type":"ImageObject","inLanguage":"en-US","@id":"https:\/\/lesclefsdambleteuse.fr\/?page_id=16146#primaryimage","url":"http:\/\/lesclefsdambleteuse.fr\/wp-content\/uploads\/2024\/07\/Design-sans-titre-_41_-300x300.webp","contentUrl":"http:\/\/lesclefsdambleteuse.fr\/wp-content\/uploads\/2024\/07\/Design-sans-titre-_41_-300x300.webp"},{"@type":"BreadcrumbList","@id":"https:\/\/lesclefsdambleteuse.fr\/?page_id=16146#breadcrumb","itemListElement":[{"@type":"ListItem","position":1,"name":"Accueil","item":"https:\/\/lesclefsdambleteuse.fr\/"},{"@type":"ListItem","position":2,"name":"Services pour les voyageurs"}]},{"@type":"WebSite","@id":"https:\/\/lesclefsdambleteuse.fr\/#website","url":"https:\/\/lesclefsdambleteuse.fr\/","name":"Les clefs d&#039;Ambleteuse","description":"","potentialAction":[{"@type":"SearchAction","target":{"@type":"EntryPoint","urlTemplate":"https:\/\/lesclefsdambleteuse.fr\/?s={search_term_string}"},"query-input":"required name=search_term_string"}],"inLanguage":"en-US"}]}},"_links":{"self":[{"href":"https:\/\/lesclefsdambleteuse.fr\/index.php?rest_route=\/wp\/v2\/pages\/16146","targetHints":{"allow":["GET"]}}],"collection":[{"href":"https:\/\/lesclefsdambleteuse.fr\/index.php?rest_route=\/wp\/v2\/pages"}],"about":[{"href":"https:\/\/lesclefsdambleteuse.fr\/index.php?rest_route=\/wp\/v2\/types\/page"}],"author":[{"embeddable":true,"href":"https:\/\/lesclefsdambleteuse.fr\/index.php?rest_route=\/wp\/v2\/users\/1"}],"replies":[{"embeddable":true,"href":"https:\/\/lesclefsdambleteuse.fr\/index.php?rest_route=%2Fwp%2Fv2%2Fcomments&post=16146"}],"version-history":[{"count":74,"href":"https:\/\/lesclefsdambleteuse.fr\/index.php?rest_route=\/wp\/v2\/pages\/16146\/revisions"}],"predecessor-version":[{"id":16936,"href":"https:\/\/lesclefsdambleteuse.fr\/index.php?rest_route=\/wp\/v2\/pages\/16146\/revisions\/16936"}],"wp:attachment":[{"href":"https:\/\/lesclefsdambleteuse.fr\/index.php?rest_route=%2Fwp%2Fv2%2Fmedia&parent=16146"}],"curies":[{"name":"wp","href":"https:\/\/api.w.org\/{rel}","templated":true}]}}